{"id":55,"date":"2019-01-14T15:01:57","date_gmt":"2019-01-14T14:01:57","guid":{"rendered":"http:\/\/sanarytennisdetable.fr\/?page_id=55"},"modified":"2024-08-12T10:09:17","modified_gmt":"2024-08-12T08:09:17","slug":"jouer","status":"publish","type":"page","link":"https:\/\/sanarytennisdetable.fr\/index.php\/jouer\/","title":{"rendered":"Jouer"},"content":{"rendered":"<p><img loading=\"lazy\" decoding=\"async\" class=\"alignnone size-medium wp-image-510\" src=\"http:\/\/sanarytennisdetable.fr\/wp-content\/uploads\/2021\/10\/245820934_4839027206109507_6836588579686091908_n-200x300.jpg\" alt=\"\" width=\"200\" height=\"300\" srcset=\"https:\/\/sanarytennisdetable.fr\/wp-content\/uploads\/2021\/10\/245820934_4839027206109507_6836588579686091908_n-200x300.jpg 200w, https:\/\/sanarytennisdetable.fr\/wp-content\/uploads\/2021\/10\/245820934_4839027206109507_6836588579686091908_n-1x1.jpg 1w, https:\/\/sanarytennisdetable.fr\/wp-content\/uploads\/2021\/10\/245820934_4839027206109507_6836588579686091908_n.jpg 552w\" sizes=\"(max-width: 200px) 100vw, 200px\" \/><\/p>\n<p>vous voulez retrouver la p\u00e8che notre entraineur Arnaud vous attends tous les samedi matin de 10h \u00e0 midi pour vous remettre en forme avec diff\u00e9rents exercices en relation avec le tennis de table<\/p>\n","protected":false},"excerpt":{"rendered":"<p>vous voulez retrouver la p\u00e8che notre entraineur Arnaud vous attends tous les samedi matin de 10h \u00e0 midi pour vous remettre en forme avec diff\u00e9rents exercices en relation avec le tennis de table<\/p>\n","protected":false},"author":1,"featured_media":0,"parent":0,"menu_order":0,"comment_status":"closed","ping_status":"closed","template":"","meta":{"footnotes":""},"_links":{"self":[{"href":"https:\/\/sanarytennisdetable.fr\/index.php\/wp-json\/wp\/v2\/pages\/55"}],"collection":[{"href":"https:\/\/sanarytennisdetable.fr\/index.php\/wp-json\/wp\/v2\/pages"}],"about":[{"href":"https:\/\/sanarytennisdetable.fr\/index.php\/wp-json\/wp\/v2\/types\/page"}],"author":[{"embeddable":true,"href":"https:\/\/sanarytennisdetable.fr\/index.php\/wp-json\/wp\/v2\/users\/1"}],"replies":[{"embeddable":true,"href":"https:\/\/sanarytennisdetable.fr\/index.php\/wp-json\/wp\/v2\/comments?post=55"}],"version-history":[{"count":3,"href":"https:\/\/sanarytennisdetable.fr\/index.php\/wp-json\/wp\/v2\/pages\/55\/revisions"}],"predecessor-version":[{"id":684,"href":"https:\/\/sanarytennisdetable.fr\/index.php\/wp-json\/wp\/v2\/pages\/55\/revisions\/684"}],"wp:attachment":[{"href":"https:\/\/sanarytennisdetable.fr\/index.php\/wp-json\/wp\/v2\/media?parent=55"}],"curies":[{"name":"wp","href":"https:\/\/api.w.org\/{rel}","templated":true}]}}